{"id":224,"date":"2025-09-20T21:29:27","date_gmt":"2025-09-20T19:29:27","guid":{"rendered":"http:\/\/jakobluger.bplaced.net\/portfolio\/?page_id=224"},"modified":"2025-10-07T11:38:24","modified_gmt":"2025-10-07T09:38:24","slug":"kommoea","status":"publish","type":"page","link":"https:\/\/jakobluger.bplaced.net\/portfolio\/?page_id=224","title":{"rendered":"KOM\u00d6A"},"content":{"rendered":"\n<p>Im Fach <mark style=\"background-color:rgba(0, 0, 0, 0)\" class=\"has-inline-color has-secondary-color\">Kommunikation und \u00d6ffentlichkeitsarbeit<\/mark> geht es um die <strong>Kommunikation innerhalb und au\u00dferhalb von Unternehmen<\/strong><mark style=\"background-color:rgba(0, 0, 0, 0)\" class=\"has-inline-color has-secondary-color\">.<\/mark> Behandelt werden Themen wie <strong>Unternehmenskommunikation<\/strong>, <strong>Pressearbeit<\/strong>, <strong>\u00d6ffentlichkeitsarbeit<\/strong> und <strong>Kommunikationstechniken<\/strong><mark style=\"background-color:rgba(0, 0, 0, 0)\" class=\"has-inline-color has-secondary-color\">.<\/mark><\/p>\n\n\n\n<p>In der <strong>4. Klasse<\/strong> lag der Schwerpunkt auf allgemeinen <strong>Kommunikationstechniken im Unternehmen<\/strong><mark style=\"background-color:rgba(0, 0, 0, 0)\" class=\"has-inline-color has-secondary-color\">.<\/mark> Dabei lernten wir, wie man Informationen gezielt vermittelt und ein professionelles Auftreten in der Wirtschaft entwickelt<mark style=\"background-color:rgba(0, 0, 0, 0)\" class=\"has-inline-color has-secondary-color\">.<\/mark> Au\u00dferdem arbeiteten wir am gro\u00dfen Projekt <strong>\u201eMediensymposium\u201c<\/strong>, bei dem wir verschiedene Aufgaben im Bereich der Organisation und \u00d6ffentlichkeitsarbeit \u00fcbernahmen<mark style=\"background-color:rgba(0, 0, 0, 0)\" class=\"has-inline-color has-secondary-color\">.<\/mark><\/p>\n\n\n\n<p>In der <strong>5. Klasse<\/strong> stand die <strong>interne Kommunikation<\/strong> im Mittelpunkt<mark style=\"background-color:rgba(0, 0, 0, 0)\" class=\"has-inline-color has-secondary-color\">.<\/mark> Gemeinsam mit meiner Gruppe entwickelten wir im Rahmen des Projekts <strong>\u201eSchule als Unternehmen\u201c<\/strong> ein <strong>internes Kommunikationskonzept<\/strong>, um den Informationsfluss und die Zusammenarbeit innerhalb einer Organisation zu verbessern<mark style=\"background-color:rgba(0, 0, 0, 0)\" class=\"has-inline-color has-secondary-color\">.<\/mark><\/p>\n\n\n\n<p>\u3164<\/p>\n\n\n\n<div class=\"wp-block-buttons is-layout-flex wp-block-buttons-is-layout-flex\">\n<div class=\"wp-block-button is-style-outline is-style-outline--1\"><a class=\"wp-block-button__link wp-element-button\" href=\"http:\/\/jakobluger.bplaced.net\/portfolio\/?page_id=229\">4BK 2024\/25<\/a><\/div>\n\n\n\n<div class=\"wp-block-button is-style-outline is-style-outline--2\"><a class=\"wp-block-button__link wp-element-button\" href=\"http:\/\/jakobluger.bplaced.net\/portfolio\/?page_id=367\">5MK 2025\/26<\/a><\/div>\n<\/div>\n","protected":false},"excerpt":{"rendered":"<p>Im Fach Kommunikation und \u00d6ffentlichkeitsarbeit geht es um die Kommunikation innerhalb und au\u00dferhalb von Unternehmen. Behandelt werden Themen wie Unternehmenskommunikation, Pressearbeit, \u00d6ffentlichkeitsarbeit und Kommunikationstechniken. In der 4. Klasse lag der Schwerpunkt auf allgemeinen Kommunikationstechniken im Unternehmen. Dabei lernten wir, wie man Informationen gezielt vermittelt und ein professionelles Auftreten in der Wirtschaft entwickelt. Au\u00dferdem arbeiteten wir [&hellip;]<\/p>\n","protected":false},"author":1,"featured_media":0,"parent":0,"menu_order":0,"comment_status":"closed","ping_status":"closed","template":"","meta":{"footnotes":""},"class_list":["post-224","page","type-page","status-publish","hentry"],"_links":{"self":[{"href":"https:\/\/jakobluger.bplaced.net\/portfolio\/index.php?rest_route=\/wp\/v2\/pages\/224","targetHints":{"allow":["GET"]}}],"collection":[{"href":"https:\/\/jakobluger.bplaced.net\/portfolio\/index.php?rest_route=\/wp\/v2\/pages"}],"about":[{"href":"https:\/\/jakobluger.bplaced.net\/portfolio\/index.php?rest_route=\/wp\/v2\/types\/page"}],"author":[{"embeddable":true,"href":"https:\/\/jakobluger.bplaced.net\/portfolio\/index.php?rest_route=\/wp\/v2\/users\/1"}],"replies":[{"embeddable":true,"href":"https:\/\/jakobluger.bplaced.net\/portfolio\/index.php?rest_route=%2Fwp%2Fv2%2Fcomments&post=224"}],"version-history":[{"count":16,"href":"https:\/\/jakobluger.bplaced.net\/portfolio\/index.php?rest_route=\/wp\/v2\/pages\/224\/revisions"}],"predecessor-version":[{"id":462,"href":"https:\/\/jakobluger.bplaced.net\/portfolio\/index.php?rest_route=\/wp\/v2\/pages\/224\/revisions\/462"}],"wp:attachment":[{"href":"https:\/\/jakobluger.bplaced.net\/portfolio\/index.php?rest_route=%2Fwp%2Fv2%2Fmedia&parent=224"}],"curies":[{"name":"wp","href":"https:\/\/api.w.org\/{rel}","templated":true}]}}