{"id":229,"date":"2025-09-20T21:40:25","date_gmt":"2025-09-20T19:40:25","guid":{"rendered":"http:\/\/jakobluger.bplaced.net\/portfolio\/?page_id=229"},"modified":"2025-09-22T08:44:05","modified_gmt":"2025-09-22T06:44:05","slug":"4bk-2024-25","status":"publish","type":"page","link":"https:\/\/jakobluger.bplaced.net\/portfolio\/?page_id=229","title":{"rendered":"4BK 2024\/25"},"content":{"rendered":"\n<p>Mediensymposium<\/p>\n\n\n\n<hr class=\"wp-block-separator has-alpha-channel-opacity\"\/>\n\n\n\n<p>Am 28. J\u00e4nner 2025 fand in der MOONCITY Salzburg das <mark style=\"background-color:rgba(0, 0, 0, 0)\" class=\"has-inline-color has-secondary-color\">Mediensymposium<\/mark> unter dem Motto&nbsp;<strong>\u201eMedia. Voices2Visions.\u201c<\/strong>&nbsp;statt<mark style=\"background-color:rgba(0, 0, 0, 0)\" class=\"has-inline-color has-secondary-color\">.<\/mark><\/p>\n\n\n\n<p>Vier G\u00e4ste aus unterschiedlichen Unternehmen hielten Vortr\u00e4ge zu Themen aus Medien und Kommunikation<mark style=\"background-color:rgba(0, 0, 0, 0)\" class=\"has-inline-color has-secondary-color\">.<\/mark><\/p>\n\n\n\n<p>\u3164<\/p>\n\n\n\n<p>Gemeinsam mit meinen Mitsch\u00fcler*innen Ema Krslak, Baturalp Icyer und Magdalena Barbeck \u00fcbernahm ich die Moderation<mark style=\"background-color:rgba(0, 0, 0, 0)\" class=\"has-inline-color has-secondary-color\">.<\/mark><\/p>\n\n\n\n<p>Dabei leitete ich zusammen mit Ema die zweite H\u00e4lfte nach der Pause<mark style=\"background-color:rgba(0, 0, 0, 0)\" class=\"has-inline-color has-secondary-color\">.<\/mark> Wir k\u00fcndigten die Vortragenden an, f\u00fchrten durch das Programm und gestalteten am Ende eine Fishbowl-Diskussion, bei der wir Fragen an die G\u00e4ste stellten<mark style=\"background-color:rgba(0, 0, 0, 0)\" class=\"has-inline-color has-secondary-color\">.<\/mark><\/p>\n\n\n\n<p>\u3164<\/p>\n\n\n\n<p>F\u00fcr mich war es eine wertvolle Erfahrung, meine Moderations- und Kommunikationsf\u00e4higkeiten praktisch einzusetzen<mark style=\"background-color:rgba(0, 0, 0, 0)\" class=\"has-inline-color has-secondary-color\">.<\/mark> Besonders die Teamarbeit mit Ema hat mir gezeigt, wie wichtig klare Absprachen und ein sicheres Auftreten vor Publikum sind<mark style=\"background-color:rgba(0, 0, 0, 0)\" class=\"has-inline-color has-secondary-color\">.<\/mark><\/p>\n\n\n\n<hr class=\"wp-block-separator has-alpha-channel-opacity\"\/>\n\n\n\n<div class=\"wp-block-group is-content-justification-center is-nowrap is-layout-flex wp-container-core-group-is-layout-23441af8 wp-block-group-is-layout-flex\">\n<figure class=\"wp-block-image alignleft size-large is-resized\"><img loading=\"lazy\" decoding=\"async\" width=\"724\" height=\"1024\" src=\"http:\/\/jakobluger.bplaced.net\/portfolio\/wp-content\/uploads\/2025\/09\/Plakte_mediaV2V-1-1086x1536-1-724x1024.png\" alt=\"\" class=\"wp-image-267\" style=\"width:289px;height:auto\" srcset=\"https:\/\/jakobluger.bplaced.net\/portfolio\/wp-content\/uploads\/2025\/09\/Plakte_mediaV2V-1-1086x1536-1-724x1024.png 724w, https:\/\/jakobluger.bplaced.net\/portfolio\/wp-content\/uploads\/2025\/09\/Plakte_mediaV2V-1-1086x1536-1-212x300.png 212w, https:\/\/jakobluger.bplaced.net\/portfolio\/wp-content\/uploads\/2025\/09\/Plakte_mediaV2V-1-1086x1536-1-768x1086.png 768w, https:\/\/jakobluger.bplaced.net\/portfolio\/wp-content\/uploads\/2025\/09\/Plakte_mediaV2V-1-1086x1536-1.png 1086w\" sizes=\"auto, (max-width: 724px) 100vw, 724px\" \/><\/figure>\n\n\n\n<div class=\"wp-block-columns is-layout-flex wp-container-core-columns-is-layout-28f84493 wp-block-columns-is-layout-flex\">\n<div class=\"wp-block-column is-layout-flow wp-block-column-is-layout-flow\" style=\"flex-basis:100%\">\n<figure class=\"wp-block-image size-full is-resized\"><img loading=\"lazy\" decoding=\"async\" width=\"576\" height=\"1024\" src=\"http:\/\/jakobluger.bplaced.net\/portfolio\/wp-content\/uploads\/2025\/09\/2-1-576x1024-1.png\" alt=\"\" class=\"wp-image-266\" style=\"width:229px;height:auto\" srcset=\"https:\/\/jakobluger.bplaced.net\/portfolio\/wp-content\/uploads\/2025\/09\/2-1-576x1024-1.png 576w, https:\/\/jakobluger.bplaced.net\/portfolio\/wp-content\/uploads\/2025\/09\/2-1-576x1024-1-169x300.png 169w\" sizes=\"auto, (max-width: 576px) 100vw, 576px\" \/><\/figure>\n<\/div>\n<\/div>\n\n\n\n<figure class=\"wp-block-image size-large is-resized\"><img loading=\"lazy\" decoding=\"async\" width=\"576\" height=\"1024\" src=\"http:\/\/jakobluger.bplaced.net\/portfolio\/wp-content\/uploads\/2025\/09\/4-864x1536-1-576x1024.png\" alt=\"\" class=\"wp-image-268\" style=\"width:229px;height:auto\" srcset=\"https:\/\/jakobluger.bplaced.net\/portfolio\/wp-content\/uploads\/2025\/09\/4-864x1536-1-576x1024.png 576w, https:\/\/jakobluger.bplaced.net\/portfolio\/wp-content\/uploads\/2025\/09\/4-864x1536-1-169x300.png 169w, https:\/\/jakobluger.bplaced.net\/portfolio\/wp-content\/uploads\/2025\/09\/4-864x1536-1-768x1365.png 768w, https:\/\/jakobluger.bplaced.net\/portfolio\/wp-content\/uploads\/2025\/09\/4-864x1536-1.png 864w\" sizes=\"auto, (max-width: 576px) 100vw, 576px\" \/><\/figure>\n<\/div>\n\n\n\n<div class=\"wp-block-group is-content-justification-center is-nowrap is-layout-flex wp-container-core-group-is-layout-23441af8 wp-block-group-is-layout-flex\">\n<div class=\"wp-block-columns is-layout-flex wp-container-core-columns-is-layout-28f84493 wp-block-columns-is-layout-flex\">\n<div class=\"wp-block-column is-layout-flow wp-block-column-is-layout-flow\" style=\"flex-basis:100%\">\n<div class=\"wp-block-group has-global-padding is-layout-constrained wp-block-group-is-layout-constrained\">\n<div class=\"alignnormal\"><div id=\"metaslider-id-246\" style=\"width: 100%;\" class=\"ml-slider-3-103-0 metaslider metaslider-flex metaslider-246 ml-slider has-dots-nav ms-theme-outline\" role=\"region\" aria-label=\"Mediensymposium-Portraits\" data-height=\"300\" data-width=\"700\">\n    <div id=\"metaslider_container_246\">\n        <div id=\"metaslider_246\">\n            <ul class='slides'>\n                <li style=\"display: block; width: 100%;\" class=\"slide-254 ms-image \" aria-roledescription=\"slide\" data-date=\"2025-09-20 22:11:57\" data-slide-type=\"image\"><img loading=\"lazy\" decoding=\"async\" width=\"1365\" height=\"2048\" src=\"https:\/\/jakobluger.bplaced.net\/portfolio\/wp-content\/uploads\/2025\/09\/DSC05485.jpg\" class=\"slider-246 slide-254 msDefaultImage\" alt=\"\" rel=\"\" title=\"DSC05485\" srcset=\"https:\/\/jakobluger.bplaced.net\/portfolio\/wp-content\/uploads\/2025\/09\/DSC05485.jpg 1365w, https:\/\/jakobluger.bplaced.net\/portfolio\/wp-content\/uploads\/2025\/09\/DSC05485-200x300.jpg 200w, https:\/\/jakobluger.bplaced.net\/portfolio\/wp-content\/uploads\/2025\/09\/DSC05485-683x1024.jpg 683w, https:\/\/jakobluger.bplaced.net\/portfolio\/wp-content\/uploads\/2025\/09\/DSC05485-768x1152.jpg 768w, https:\/\/jakobluger.bplaced.net\/portfolio\/wp-content\/uploads\/2025\/09\/DSC05485-1024x1536.jpg 1024w\" sizes=\"auto, (max-width: 1365px) 100vw, 1365px\" \/><\/li>\n                <li style=\"display: none; width: 100%;\" class=\"slide-255 ms-image \" aria-roledescription=\"slide\" data-date=\"2025-09-20 22:11:57\" data-slide-type=\"image\"><img loading=\"lazy\" decoding=\"async\" width=\"1365\" height=\"2048\" src=\"https:\/\/jakobluger.bplaced.net\/portfolio\/wp-content\/uploads\/2025\/09\/DSC05174.jpg\" class=\"slider-246 slide-255 msDefaultImage\" alt=\"\" rel=\"\" title=\"DSC05174\" srcset=\"https:\/\/jakobluger.bplaced.net\/portfolio\/wp-content\/uploads\/2025\/09\/DSC05174.jpg 1365w, https:\/\/jakobluger.bplaced.net\/portfolio\/wp-content\/uploads\/2025\/09\/DSC05174-200x300.jpg 200w, https:\/\/jakobluger.bplaced.net\/portfolio\/wp-content\/uploads\/2025\/09\/DSC05174-683x1024.jpg 683w, https:\/\/jakobluger.bplaced.net\/portfolio\/wp-content\/uploads\/2025\/09\/DSC05174-768x1152.jpg 768w, https:\/\/jakobluger.bplaced.net\/portfolio\/wp-content\/uploads\/2025\/09\/DSC05174-1024x1536.jpg 1024w\" sizes=\"auto, (max-width: 1365px) 100vw, 1365px\" \/><\/li>\n                <li style=\"display: none; width: 100%;\" class=\"slide-256 ms-image \" aria-roledescription=\"slide\" data-date=\"2025-09-20 22:11:57\" data-slide-type=\"image\"><img loading=\"lazy\" decoding=\"async\" width=\"1365\" height=\"2048\" src=\"https:\/\/jakobluger.bplaced.net\/portfolio\/wp-content\/uploads\/2025\/09\/DSC05197.jpg\" class=\"slider-246 slide-256 msDefaultImage\" alt=\"\" rel=\"\" title=\"DSC05197\" srcset=\"https:\/\/jakobluger.bplaced.net\/portfolio\/wp-content\/uploads\/2025\/09\/DSC05197.jpg 1365w, https:\/\/jakobluger.bplaced.net\/portfolio\/wp-content\/uploads\/2025\/09\/DSC05197-200x300.jpg 200w, https:\/\/jakobluger.bplaced.net\/portfolio\/wp-content\/uploads\/2025\/09\/DSC05197-683x1024.jpg 683w, https:\/\/jakobluger.bplaced.net\/portfolio\/wp-content\/uploads\/2025\/09\/DSC05197-768x1152.jpg 768w, https:\/\/jakobluger.bplaced.net\/portfolio\/wp-content\/uploads\/2025\/09\/DSC05197-1024x1536.jpg 1024w\" sizes=\"auto, (max-width: 1365px) 100vw, 1365px\" \/><\/li>\n                <li style=\"display: none; width: 100%;\" class=\"slide-257 ms-image \" aria-roledescription=\"slide\" data-date=\"2025-09-20 22:11:57\" data-slide-type=\"image\"><img loading=\"lazy\" decoding=\"async\" width=\"1365\" height=\"2048\" src=\"https:\/\/jakobluger.bplaced.net\/portfolio\/wp-content\/uploads\/2025\/09\/DSC05278.jpg\" class=\"slider-246 slide-257 msDefaultImage\" alt=\"\" rel=\"\" title=\"DSC05278\" srcset=\"https:\/\/jakobluger.bplaced.net\/portfolio\/wp-content\/uploads\/2025\/09\/DSC05278.jpg 1365w, https:\/\/jakobluger.bplaced.net\/portfolio\/wp-content\/uploads\/2025\/09\/DSC05278-200x300.jpg 200w, https:\/\/jakobluger.bplaced.net\/portfolio\/wp-content\/uploads\/2025\/09\/DSC05278-683x1024.jpg 683w, https:\/\/jakobluger.bplaced.net\/portfolio\/wp-content\/uploads\/2025\/09\/DSC05278-768x1152.jpg 768w, https:\/\/jakobluger.bplaced.net\/portfolio\/wp-content\/uploads\/2025\/09\/DSC05278-1024x1536.jpg 1024w\" sizes=\"auto, (max-width: 1365px) 100vw, 1365px\" \/><\/li>\n                <li style=\"display: none; width: 100%;\" class=\"slide-258 ms-image \" aria-roledescription=\"slide\" data-date=\"2025-09-20 22:11:57\" data-slide-type=\"image\"><img loading=\"lazy\" decoding=\"async\" width=\"2048\" height=\"1365\" src=\"https:\/\/jakobluger.bplaced.net\/portfolio\/wp-content\/uploads\/2025\/09\/DSC05420.jpg\" class=\"slider-246 slide-258 msDefaultImage\" alt=\"\" rel=\"\" title=\"DSC05420\" srcset=\"https:\/\/jakobluger.bplaced.net\/portfolio\/wp-content\/uploads\/2025\/09\/DSC05420.jpg 2048w, https:\/\/jakobluger.bplaced.net\/portfolio\/wp-content\/uploads\/2025\/09\/DSC05420-300x200.jpg 300w, https:\/\/jakobluger.bplaced.net\/portfolio\/wp-content\/uploads\/2025\/09\/DSC05420-1024x683.jpg 1024w, https:\/\/jakobluger.bplaced.net\/portfolio\/wp-content\/uploads\/2025\/09\/DSC05420-768x512.jpg 768w, https:\/\/jakobluger.bplaced.net\/portfolio\/wp-content\/uploads\/2025\/09\/DSC05420-1536x1024.jpg 1536w\" sizes=\"auto, (max-width: 2048px) 100vw, 2048px\" \/><\/li>\n                <li style=\"display: none; width: 100%;\" class=\"slide-259 ms-image \" aria-roledescription=\"slide\" data-date=\"2025-09-20 22:11:57\" data-slide-type=\"image\"><img loading=\"lazy\" decoding=\"async\" width=\"1365\" height=\"2048\" src=\"https:\/\/jakobluger.bplaced.net\/portfolio\/wp-content\/uploads\/2025\/09\/DSC05422.jpg\" class=\"slider-246 slide-259 msDefaultImage\" alt=\"\" rel=\"\" title=\"DSC05422\" srcset=\"https:\/\/jakobluger.bplaced.net\/portfolio\/wp-content\/uploads\/2025\/09\/DSC05422.jpg 1365w, https:\/\/jakobluger.bplaced.net\/portfolio\/wp-content\/uploads\/2025\/09\/DSC05422-200x300.jpg 200w, https:\/\/jakobluger.bplaced.net\/portfolio\/wp-content\/uploads\/2025\/09\/DSC05422-683x1024.jpg 683w, https:\/\/jakobluger.bplaced.net\/portfolio\/wp-content\/uploads\/2025\/09\/DSC05422-768x1152.jpg 768w, https:\/\/jakobluger.bplaced.net\/portfolio\/wp-content\/uploads\/2025\/09\/DSC05422-1024x1536.jpg 1024w\" sizes=\"auto, (max-width: 1365px) 100vw, 1365px\" \/><\/li>\n                <li style=\"display: none; width: 100%;\" class=\"slide-260 ms-image \" aria-roledescription=\"slide\" data-date=\"2025-09-20 22:11:57\" data-slide-type=\"image\"><img loading=\"lazy\" decoding=\"async\" width=\"1365\" height=\"2048\" src=\"https:\/\/jakobluger.bplaced.net\/portfolio\/wp-content\/uploads\/2025\/09\/DSC05455.jpg\" class=\"slider-246 slide-260 msDefaultImage\" alt=\"\" rel=\"\" title=\"DSC05455\" srcset=\"https:\/\/jakobluger.bplaced.net\/portfolio\/wp-content\/uploads\/2025\/09\/DSC05455.jpg 1365w, https:\/\/jakobluger.bplaced.net\/portfolio\/wp-content\/uploads\/2025\/09\/DSC05455-200x300.jpg 200w, https:\/\/jakobluger.bplaced.net\/portfolio\/wp-content\/uploads\/2025\/09\/DSC05455-683x1024.jpg 683w, https:\/\/jakobluger.bplaced.net\/portfolio\/wp-content\/uploads\/2025\/09\/DSC05455-768x1152.jpg 768w, https:\/\/jakobluger.bplaced.net\/portfolio\/wp-content\/uploads\/2025\/09\/DSC05455-1024x1536.jpg 1024w\" sizes=\"auto, (max-width: 1365px) 100vw, 1365px\" \/><\/li>\n            <\/ul>\n        <\/div>\n        \n    <\/div>\n<\/div><\/div>\n<\/div>\n<\/div>\n<\/div>\n<\/div>\n","protected":false},"excerpt":{"rendered":"<p>Mediensymposium Am 28. J\u00e4nner 2025 fand in der MOONCITY Salzburg das Mediensymposium unter dem Motto&nbsp;\u201eMedia. Voices2Visions.\u201c&nbsp;statt. Vier G\u00e4ste aus unterschiedlichen Unternehmen hielten Vortr\u00e4ge zu Themen aus Medien und Kommunikation. \u3164 Gemeinsam mit meinen Mitsch\u00fcler*innen Ema Krslak, Baturalp Icyer und Magdalena Barbeck \u00fcbernahm ich die Moderation. Dabei leitete ich zusammen mit Ema die zweite H\u00e4lfte nach [&hellip;]<\/p>\n","protected":false},"author":1,"featured_media":0,"parent":224,"menu_order":0,"comment_status":"closed","ping_status":"closed","template":"","meta":{"footnotes":""},"class_list":["post-229","page","type-page","status-publish","hentry"],"_links":{"self":[{"href":"https:\/\/jakobluger.bplaced.net\/portfolio\/index.php?rest_route=\/wp\/v2\/pages\/229","targetHints":{"allow":["GET"]}}],"collection":[{"href":"https:\/\/jakobluger.bplaced.net\/portfolio\/index.php?rest_route=\/wp\/v2\/pages"}],"about":[{"href":"https:\/\/jakobluger.bplaced.net\/portfolio\/index.php?rest_route=\/wp\/v2\/types\/page"}],"author":[{"embeddable":true,"href":"https:\/\/jakobluger.bplaced.net\/portfolio\/index.php?rest_route=\/wp\/v2\/users\/1"}],"replies":[{"embeddable":true,"href":"https:\/\/jakobluger.bplaced.net\/portfolio\/index.php?rest_route=%2Fwp%2Fv2%2Fcomments&post=229"}],"version-history":[{"count":16,"href":"https:\/\/jakobluger.bplaced.net\/portfolio\/index.php?rest_route=\/wp\/v2\/pages\/229\/revisions"}],"predecessor-version":[{"id":387,"href":"https:\/\/jakobluger.bplaced.net\/portfolio\/index.php?rest_route=\/wp\/v2\/pages\/229\/revisions\/387"}],"up":[{"embeddable":true,"href":"https:\/\/jakobluger.bplaced.net\/portfolio\/index.php?rest_route=\/wp\/v2\/pages\/224"}],"wp:attachment":[{"href":"https:\/\/jakobluger.bplaced.net\/portfolio\/index.php?rest_route=%2Fwp%2Fv2%2Fmedia&parent=229"}],"curies":[{"name":"wp","href":"https:\/\/api.w.org\/{rel}","templated":true}]}}