{"id":29,"date":"2023-12-12T12:17:06","date_gmt":"2023-12-12T11:17:06","guid":{"rendered":"http:\/\/jakobluger.bplaced.net\/portfolio\/?page_id=29"},"modified":"2025-10-07T16:29:28","modified_gmt":"2025-10-07T14:29:28","slug":"meinbezirk","status":"publish","type":"page","link":"https:\/\/jakobluger.bplaced.net\/portfolio\/?page_id=29","title":{"rendered":"MeinBezirk"},"content":{"rendered":"\n<p>Die <strong><mark style=\"background-color:rgba(0, 0, 0, 0);color:#e30b13\" class=\"has-inline-color\">RegionalMedien<\/mark><\/strong> Salzburg \u2013 bekannt durch die Plattform meinbezirk.at \u2013 sind ein regionales Medienunternehmen, das lokale Nachrichten und Beitr\u00e4ge aus allen Bezirken Salzburgs ver\u00f6ffentlicht<mark style=\"background-color:rgba(0, 0, 0, 0)\" class=\"has-inline-color has-secondary-color\">.<\/mark> Durch eine Kooperation mit unserer Schule wurde in der <strong>zweiten Klasse<\/strong> die M\u00f6glichkeit geschaffen, dass Sch\u00fcler*innen eigene <strong>Artikel auf der Website der RegionalMedien<\/strong> ver\u00f6ffentlichen k\u00f6nnen<mark style=\"background-color:rgba(0, 0, 0, 0)\" class=\"has-inline-color has-secondary-color\">.<\/mark> Ziel war es, journalistisches Arbeiten kennenzulernen und in die <strong>Rolle eines Reporters bzw. einer Reporterin<\/strong> zu schl\u00fcpfen<mark style=\"background-color:rgba(0, 0, 0, 0)\" class=\"has-inline-color has-secondary-color\">.<\/mark><\/p>\n\n\n\n<p>Ich habe im Rahmen dieser Kooperation <strong>einen eigenen Beitrag verfasst<\/strong>, der auf meinbezirk.at ver\u00f6ffentlicht wurde<mark style=\"background-color:rgba(0, 0, 0, 0)\" class=\"has-inline-color has-secondary-color\">.<\/mark> Dabei konnte ich selbst ein Thema ausw\u00e4hlen, recherchieren und den Text journalistisch aufbereiten \u2013 eine spannende Erfahrung, um Einblicke in den <strong>Medien- und Journalismusbereich<\/strong> zu bekommen<mark style=\"background-color:rgba(0, 0, 0, 0)\" class=\"has-inline-color has-secondary-color\">.<\/mark><\/p>\n\n\n\n<p>\u3164<\/p>\n\n\n\n<p>Beitrag vom 25. M\u00e4rz 2023<\/p>\n\n\n\n<div class=\"wp-block-cover aligncenter\" style=\"border-radius:15px;margin-top:var(--wp--preset--spacing--40);margin-bottom:var(--wp--preset--spacing--40);padding-top:0;padding-right:0;padding-bottom:0;padding-left:0;font-size:clamp(0.875rem, 0.875rem + ((1vw - 0.2rem) * 0.294), 1rem);min-height:400px;aspect-ratio:unset;\"><span aria-hidden=\"true\" class=\"wp-block-cover__background has-background-dim-80 has-background-dim\"><\/span><img loading=\"lazy\" decoding=\"async\" width=\"2048\" height=\"1972\" class=\"wp-block-cover__image-background wp-image-145\" alt=\"\" src=\"http:\/\/jakobluger.bplaced.net\/portfolio\/wp-content\/uploads\/2024\/06\/bigmac_meinbezirk.jpg\" data-object-fit=\"cover\" srcset=\"https:\/\/jakobluger.bplaced.net\/portfolio\/wp-content\/uploads\/2024\/06\/bigmac_meinbezirk.jpg 2048w, https:\/\/jakobluger.bplaced.net\/portfolio\/wp-content\/uploads\/2024\/06\/bigmac_meinbezirk-300x289.jpg 300w, https:\/\/jakobluger.bplaced.net\/portfolio\/wp-content\/uploads\/2024\/06\/bigmac_meinbezirk-1024x986.jpg 1024w, https:\/\/jakobluger.bplaced.net\/portfolio\/wp-content\/uploads\/2024\/06\/bigmac_meinbezirk-768x740.jpg 768w, https:\/\/jakobluger.bplaced.net\/portfolio\/wp-content\/uploads\/2024\/06\/bigmac_meinbezirk-1536x1479.jpg 1536w\" sizes=\"auto, (max-width: 2048px) 100vw, 2048px\" \/><div class=\"wp-block-cover__inner-container is-layout-flow wp-container-core-cover-is-layout-a9ba1fa8 wp-block-cover-is-layout-flow\">\n<p class=\"has-text-align-center has-white-color has-text-color has-link-color has-large-font-size wp-elements-b3d21a3952da918e7aa90e3ba140874f\"><a href=\"https:\/\/www.meinbezirk.at\/salzburg-stadt\/c-lokales\/der-neue-big-mac-im-geschmackstest_a5947735#gallery=null\" target=\"_blank\" rel=\"noreferrer noopener\">Der neue Big Mac im Geschmackstest<\/a><\/p>\n<\/div><\/div>\n","protected":false},"excerpt":{"rendered":"<p>Die RegionalMedien Salzburg \u2013 bekannt durch die Plattform meinbezirk.at \u2013 sind ein regionales Medienunternehmen, das lokale Nachrichten und Beitr\u00e4ge aus allen Bezirken Salzburgs ver\u00f6ffentlicht. Durch eine Kooperation mit unserer Schule wurde in der zweiten Klasse die M\u00f6glichkeit geschaffen, dass Sch\u00fcler*innen eigene Artikel auf der Website der RegionalMedien ver\u00f6ffentlichen k\u00f6nnen. Ziel war es, journalistisches Arbeiten kennenzulernen [&hellip;]<\/p>\n","protected":false},"author":1,"featured_media":0,"parent":0,"menu_order":0,"comment_status":"closed","ping_status":"closed","template":"","meta":{"footnotes":""},"class_list":["post-29","page","type-page","status-publish","hentry"],"_links":{"self":[{"href":"https:\/\/jakobluger.bplaced.net\/portfolio\/index.php?rest_route=\/wp\/v2\/pages\/29","targetHints":{"allow":["GET"]}}],"collection":[{"href":"https:\/\/jakobluger.bplaced.net\/portfolio\/index.php?rest_route=\/wp\/v2\/pages"}],"about":[{"href":"https:\/\/jakobluger.bplaced.net\/portfolio\/index.php?rest_route=\/wp\/v2\/types\/page"}],"author":[{"embeddable":true,"href":"https:\/\/jakobluger.bplaced.net\/portfolio\/index.php?rest_route=\/wp\/v2\/users\/1"}],"replies":[{"embeddable":true,"href":"https:\/\/jakobluger.bplaced.net\/portfolio\/index.php?rest_route=%2Fwp%2Fv2%2Fcomments&post=29"}],"version-history":[{"count":11,"href":"https:\/\/jakobluger.bplaced.net\/portfolio\/index.php?rest_route=\/wp\/v2\/pages\/29\/revisions"}],"predecessor-version":[{"id":470,"href":"https:\/\/jakobluger.bplaced.net\/portfolio\/index.php?rest_route=\/wp\/v2\/pages\/29\/revisions\/470"}],"wp:attachment":[{"href":"https:\/\/jakobluger.bplaced.net\/portfolio\/index.php?rest_route=%2Fwp%2Fv2%2Fmedia&parent=29"}],"curies":[{"name":"wp","href":"https:\/\/api.w.org\/{rel}","templated":true}]}}