{"id":293,"date":"2025-09-21T00:22:11","date_gmt":"2025-09-20T22:22:11","guid":{"rendered":"http:\/\/jakobluger.bplaced.net\/portfolio\/?page_id=293"},"modified":"2025-09-30T19:30:33","modified_gmt":"2025-09-30T17:30:33","slug":"ueber-mich","status":"publish","type":"page","link":"https:\/\/jakobluger.bplaced.net\/portfolio\/?page_id=293","title":{"rendered":"\u00dcber mich"},"content":{"rendered":"\n<div style=\"height:93px\" aria-hidden=\"true\" class=\"wp-block-spacer\"><\/div>\n\n\n\n<div class=\"wp-block-columns is-layout-flex wp-container-core-columns-is-layout-28f84493 wp-block-columns-is-layout-flex\">\n<div class=\"wp-block-column is-vertically-aligned-center has-global-padding is-content-justification-center is-layout-constrained wp-block-column-is-layout-constrained\">\n<p>Mein Name ist <mark style=\"background-color:rgba(0, 0, 0, 0)\" class=\"has-inline-color has-secondary-color\">Jakob Luger<\/mark> &#8211; ich besuche die <strong><mark style=\"background-color:rgba(0, 0, 0, 0);color:#f7a600\" class=\"has-inline-color\">medien:<\/mark>hak<\/strong> der <strong>hak<mark style=\"background-color:rgba(0, 0, 0, 0);color:#e4013a\" class=\"has-inline-color\">:<\/mark>zwei<\/strong> <strong>Salzburg <\/strong>seit September 2021 und besch\u00e4ftige mich seit mehreren Jahren intensiv mit Mediengestaltung, Kommunikation und wirtschaftlichen Themen<mark style=\"background-color:rgba(0, 0, 0, 0)\" class=\"has-inline-color has-secondary-color\">.<\/mark><br>Durch verschiedene Projekte in der Schule konnte ich meine F\u00e4higkeiten in Bereichen wie <strong>Grafikdesign, Videoproduktion, Social Media und Projektorganisation<\/strong> stetig erweitern<mark style=\"background-color:rgba(0, 0, 0, 0)\" class=\"has-inline-color has-secondary-color\">.<\/mark><\/p>\n\n\n\n<p>Meine Leidenschaft f\u00fcr Medien liegt darin, <strong>kreative Ideen sichtbar zu machen<\/strong> und mit meinen Projekten Menschen zu erreichen<mark style=\"background-color:rgba(0, 0, 0, 0)\" class=\"has-inline-color has-secondary-color\">.<\/mark> Mit dieser Website m\u00f6chte ich mein Portfolio sowohl als Teil meiner Matura pr\u00e4sentieren als auch als Grundlage f\u00fcr meine berufliche Zukunft nutzen<mark style=\"background-color:rgba(0, 0, 0, 0)\" class=\"has-inline-color has-secondary-color\">.<\/mark><\/p>\n\n\n\n<div style=\"height:70px\" aria-hidden=\"true\" class=\"wp-block-spacer\"><\/div>\n\n\n\n<div class=\"wp-block-buttons is-horizontal is-layout-flex wp-block-buttons-is-layout-flex\">\n<div class=\"wp-block-button has-custom-width wp-block-button__width-100 is-style-outline is-style-outline--1\"><a class=\"wp-block-button__link wp-element-button\" href=\"http:\/\/jakobluger.bplaced.net\/portfolio\/?page_id=398\">Praktika<\/a><\/div>\n<\/div>\n<\/div>\n\n\n\n<div class=\"wp-block-column is-layout-flow wp-block-column-is-layout-flow\">\n<figure class=\"wp-block-image aligncenter size-large is-resized has-custom-border is-style-default wp-duotone-unset-2\"><img loading=\"lazy\" decoding=\"async\" width=\"768\" height=\"1024\" src=\"http:\/\/jakobluger.bplaced.net\/portfolio\/wp-content\/uploads\/2025\/09\/Portrait_HakBall_2025-1-1-768x1024.jpg\" alt=\"\" class=\"wp-image-298\" style=\"border-width:10px;border-radius:20px;width:455px;height:auto\" srcset=\"https:\/\/jakobluger.bplaced.net\/portfolio\/wp-content\/uploads\/2025\/09\/Portrait_HakBall_2025-1-1-768x1024.jpg 768w, https:\/\/jakobluger.bplaced.net\/portfolio\/wp-content\/uploads\/2025\/09\/Portrait_HakBall_2025-1-1-225x300.jpg 225w, https:\/\/jakobluger.bplaced.net\/portfolio\/wp-content\/uploads\/2025\/09\/Portrait_HakBall_2025-1-1-1152x1536.jpg 1152w, https:\/\/jakobluger.bplaced.net\/portfolio\/wp-content\/uploads\/2025\/09\/Portrait_HakBall_2025-1-1-1536x2048.jpg 1536w, https:\/\/jakobluger.bplaced.net\/portfolio\/wp-content\/uploads\/2025\/09\/Portrait_HakBall_2025-1-1-scaled.jpg 1920w\" sizes=\"auto, (max-width: 768px) 100vw, 768px\" \/><\/figure>\n<\/div>\n<\/div>\n","protected":false},"excerpt":{"rendered":"<p>Mein Name ist Jakob Luger &#8211; ich besuche die medien:hak der hak:zwei Salzburg seit September 2021 und besch\u00e4ftige mich seit mehreren Jahren intensiv mit Mediengestaltung, Kommunikation und wirtschaftlichen Themen.Durch verschiedene Projekte in der Schule konnte ich meine F\u00e4higkeiten in Bereichen wie Grafikdesign, Videoproduktion, Social Media und Projektorganisation stetig erweitern. Meine Leidenschaft f\u00fcr Medien liegt darin, [&hellip;]<\/p>\n","protected":false},"author":1,"featured_media":0,"parent":0,"menu_order":0,"comment_status":"closed","ping_status":"closed","template":"","meta":{"footnotes":""},"class_list":["post-293","page","type-page","status-publish","hentry"],"_links":{"self":[{"href":"https:\/\/jakobluger.bplaced.net\/portfolio\/index.php?rest_route=\/wp\/v2\/pages\/293","targetHints":{"allow":["GET"]}}],"collection":[{"href":"https:\/\/jakobluger.bplaced.net\/portfolio\/index.php?rest_route=\/wp\/v2\/pages"}],"about":[{"href":"https:\/\/jakobluger.bplaced.net\/portfolio\/index.php?rest_route=\/wp\/v2\/types\/page"}],"author":[{"embeddable":true,"href":"https:\/\/jakobluger.bplaced.net\/portfolio\/index.php?rest_route=\/wp\/v2\/users\/1"}],"replies":[{"embeddable":true,"href":"https:\/\/jakobluger.bplaced.net\/portfolio\/index.php?rest_route=%2Fwp%2Fv2%2Fcomments&post=293"}],"version-history":[{"count":17,"href":"https:\/\/jakobluger.bplaced.net\/portfolio\/index.php?rest_route=\/wp\/v2\/pages\/293\/revisions"}],"predecessor-version":[{"id":414,"href":"https:\/\/jakobluger.bplaced.net\/portfolio\/index.php?rest_route=\/wp\/v2\/pages\/293\/revisions\/414"}],"wp:attachment":[{"href":"https:\/\/jakobluger.bplaced.net\/portfolio\/index.php?rest_route=%2Fwp%2Fv2%2Fmedia&parent=293"}],"curies":[{"name":"wp","href":"https:\/\/api.w.org\/{rel}","templated":true}]}}