{"id":349,"date":"2025-09-22T01:33:00","date_gmt":"2025-09-21T23:33:00","guid":{"rendered":"http:\/\/jakobluger.bplaced.net\/portfolio\/?page_id=349"},"modified":"2025-10-07T16:47:21","modified_gmt":"2025-10-07T14:47:21","slug":"4bk-2024-25","status":"publish","type":"page","link":"https:\/\/jakobluger.bplaced.net\/portfolio\/?page_id=349","title":{"rendered":"4BK 2024\/25"},"content":{"rendered":"\n<p>MIND_SPACE<\/p>\n\n\n\n<hr class=\"wp-block-separator has-alpha-channel-opacity\"\/>\n\n\n\n<p>\u3164<\/p>\n\n\n\n<p class=\"has-text-align-center\"><a href=\"https:\/\/mindspaceprobe.my.canva.site\/home\" target=\"_blank\" rel=\"noreferrer noopener\">https:\/\/mindspaceprobe.my.canva.site\/home<\/a><\/p>\n\n\n\n<p>\u3164<\/p>\n\n\n\n<p>Die Website <strong><mark style=\"background-color:rgba(0, 0, 0, 0)\" class=\"has-inline-color has-secondary-color\">MIND_SPACE<\/mark><\/strong> ist im Fach <strong>Wirtschafts- und Organisationsstrategie<\/strong> in der vierten Klasse entstanden<mark style=\"background-color:rgba(0, 0, 0, 0)\" class=\"has-inline-color has-secondary-color\">.<\/mark> Das Projekt behandelt das Thema <mark style=\"background-color:rgba(0, 0, 0, 0)\" class=\"has-inline-color has-secondary-color\">Mental Health<\/mark> und soll das Bewusstsein f\u00fcr psychische Gesundheit st\u00e4rken<mark style=\"background-color:rgba(0, 0, 0, 0)\" class=\"has-inline-color has-secondary-color\">.<\/mark> Die Website wurde mit <strong>Canva <\/strong>erstellt und ist online ver\u00f6ffentlicht worden<mark style=\"background-color:rgba(0, 0, 0, 0)\" class=\"has-inline-color has-secondary-color\">.<\/mark><\/p>\n\n\n\n<p>Sie ist bewusst <strong>einfach und \u00fcbersichtlich aufgebaut<\/strong> und besteht aus vier Hauptbereichen:<\/p>\n\n\n\n<ul class=\"wp-block-list\">\n<li><mark style=\"background-color:rgba(0, 0, 0, 0)\" class=\"has-inline-color has-secondary-color\"><strong>Clubs<\/strong> <\/mark>\u2013 Initiativen und Organisationen rund um mentale Gesundheit<\/li>\n\n\n\n<li><mark style=\"background-color:rgba(0, 0, 0, 0)\" class=\"has-inline-color has-secondary-color\"><strong>Community<\/strong> <\/mark>\u2013 Austausch und gegenseitige Unterst\u00fctzung<\/li>\n\n\n\n<li><mark style=\"background-color:rgba(0, 0, 0, 0)\" class=\"has-inline-color has-secondary-color\"><strong>Guidance<\/strong> <\/mark>\u2013 Tipps und Informationen zum Thema Mental Health<\/li>\n\n\n\n<li><strong><mark style=\"background-color:rgba(0, 0, 0, 0)\" class=\"has-inline-color has-secondary-color\">Seek Help<\/mark><\/strong> \u2013 Anlaufstellen und Hilfsangebote<\/li>\n<\/ul>\n\n\n\n<p>Mit <strong>MIND_SPACE<\/strong> nahmen wir am Wettbewerb <strong>\u201eGut Drauf Gesundheitspreis\u201c<\/strong> des \u00d6sterreichischen Jugendrotkreuzes am 26. Mai 2025 teil und erreichten den <strong>zweiten Platz unter den Schulen in Salzburg<\/strong>, wof\u00fcr wir auch einen <strong>Geldpreis<\/strong> erhielten<mark style=\"background-color:rgba(0, 0, 0, 0)\" class=\"has-inline-color has-secondary-color\">.<\/mark><\/p>\n\n\n\n<p>\u3164<\/p>\n\n\n\n<hr class=\"wp-block-separator has-alpha-channel-opacity\"\/>\n\n\n\n<p>\u3164<\/p>\n\n\n\n<p><strong>Mein Beitrag im Projekt<\/strong><\/p>\n\n\n\n<p>Ich war <strong>Gruppenleiter<\/strong> der Teilgruppe <strong>\u201eWebsite &amp; Website-Wartung\u201c<\/strong> und somit f\u00fcr die <strong>technische Umsetzung und Pflege der Website<\/strong> verantwortlich<mark style=\"background-color:rgba(0, 0, 0, 0)\" class=\"has-inline-color has-secondary-color\">.<\/mark> Zu Beginn richteten wir die Seite mit unseren IT-Kenntnissen ein und f\u00fcllten sie mit den Inhalten, die von der Design-Gruppe erstellt wurden<mark style=\"background-color:rgba(0, 0, 0, 0)\" class=\"has-inline-color has-secondary-color\">.<\/mark><\/p>\n\n\n\n<p>W\u00e4hrend des Projekts arbeiteten wir eng mit den anderen Gruppen zusammen und \u00fcberpr\u00fcften regelm\u00e4\u00dfig die <strong>Funktionalit\u00e4t und Struktur<\/strong> der Website<mark style=\"background-color:rgba(0, 0, 0, 0)\" class=\"has-inline-color has-secondary-color\">. <\/mark>In der Endphase kontrollierten wir nochmals alle Inhalte, bevor die Seite final ver\u00f6ffentlicht wurde<mark style=\"background-color:rgba(0, 0, 0, 0)\" class=\"has-inline-color has-secondary-color\">.<\/mark> Durch diese Aufgaben konnte ich meine <strong>technischen und organisatorischen F\u00e4higkeiten<\/strong> weiterentwickeln und wichtige Erfahrungen im <strong>Teamprojektmanagement<\/strong> sammeln<mark style=\"background-color:rgba(0, 0, 0, 0)\" class=\"has-inline-color has-secondary-color\">.<\/mark><\/p>\n","protected":false},"excerpt":{"rendered":"<p>MIND_SPACE \u3164 https:\/\/mindspaceprobe.my.canva.site\/home \u3164 Die Website MIND_SPACE ist im Fach Wirtschafts- und Organisationsstrategie in der vierten Klasse entstanden. Das Projekt behandelt das Thema Mental Health und soll das Bewusstsein f\u00fcr psychische Gesundheit st\u00e4rken. Die Website wurde mit Canva erstellt und ist online ver\u00f6ffentlicht worden. Sie ist bewusst einfach und \u00fcbersichtlich aufgebaut und besteht aus vier [&hellip;]<\/p>\n","protected":false},"author":1,"featured_media":0,"parent":100,"menu_order":0,"comment_status":"closed","ping_status":"closed","template":"","meta":{"footnotes":""},"class_list":["post-349","page","type-page","status-publish","hentry"],"_links":{"self":[{"href":"https:\/\/jakobluger.bplaced.net\/portfolio\/index.php?rest_route=\/wp\/v2\/pages\/349","targetHints":{"allow":["GET"]}}],"collection":[{"href":"https:\/\/jakobluger.bplaced.net\/portfolio\/index.php?rest_route=\/wp\/v2\/pages"}],"about":[{"href":"https:\/\/jakobluger.bplaced.net\/portfolio\/index.php?rest_route=\/wp\/v2\/types\/page"}],"author":[{"embeddable":true,"href":"https:\/\/jakobluger.bplaced.net\/portfolio\/index.php?rest_route=\/wp\/v2\/users\/1"}],"replies":[{"embeddable":true,"href":"https:\/\/jakobluger.bplaced.net\/portfolio\/index.php?rest_route=%2Fwp%2Fv2%2Fcomments&post=349"}],"version-history":[{"count":8,"href":"https:\/\/jakobluger.bplaced.net\/portfolio\/index.php?rest_route=\/wp\/v2\/pages\/349\/revisions"}],"predecessor-version":[{"id":482,"href":"https:\/\/jakobluger.bplaced.net\/portfolio\/index.php?rest_route=\/wp\/v2\/pages\/349\/revisions\/482"}],"up":[{"embeddable":true,"href":"https:\/\/jakobluger.bplaced.net\/portfolio\/index.php?rest_route=\/wp\/v2\/pages\/100"}],"wp:attachment":[{"href":"https:\/\/jakobluger.bplaced.net\/portfolio\/index.php?rest_route=%2Fwp%2Fv2%2Fmedia&parent=349"}],"curies":[{"name":"wp","href":"https:\/\/api.w.org\/{rel}","templated":true}]}}