{"id":353,"date":"2025-09-22T01:35:02","date_gmt":"2025-09-21T23:35:02","guid":{"rendered":"http:\/\/jakobluger.bplaced.net\/portfolio\/?page_id=353"},"modified":"2025-12-02T16:28:32","modified_gmt":"2025-12-02T15:28:32","slug":"5mk-2025-26","status":"publish","type":"page","link":"https:\/\/jakobluger.bplaced.net\/portfolio\/?page_id=353","title":{"rendered":"5MK 2025\/26"},"content":{"rendered":"\n<p>Organisationskultur und -klima von &#8222;proVitalis GmbH&#8220;<\/p>\n\n\n\n<hr class=\"wp-block-separator has-alpha-channel-opacity\"\/>\n\n\n\n<p>\u3164<\/p>\n\n\n\n<p>Im der 5. Klasse entwickelten mein Mitsch\u00fcler <mark style=\"background-color:rgba(0, 0, 0, 0)\" class=\"has-inline-color has-secondary-color\">Lukas Stockinger<\/mark> und ich ein umfassendes Organisationskonzept f\u00fcr die fiktive <mark style=\"background-color:rgba(0, 0, 0, 0)\" class=\"has-inline-color has-secondary-color\"><strong>proVitalis GmbH<\/strong><\/mark>, ein junges Unternehmen im Bereich hochwertiger Nahrungserg\u00e4nzungsmittel<mark style=\"background-color:rgba(0, 0, 0, 0)\" class=\"has-inline-color has-secondary-color\">.<\/mark><\/p>\n\n\n\n<p>Aufbauend auf den Inhalten der Organisationspsychologie erarbeiteten wir die grundlegende Unternehmensstruktur, definierten Organisationskultur und -klima und gestalteten ein passendes F\u00fchrungskonzept<mark style=\"background-color:rgba(0, 0, 0, 0)\" class=\"has-inline-color has-secondary-color\">.<\/mark> <\/p>\n\n\n\n<p>Unser Projekt verbindet theoretisches Wissen mit praktischer Anwendung und zeigt, wie psychologische Ans\u00e4tze zur Gestaltung eines funktionierenden und zukunftsorientierten Unternehmens beitragen k\u00f6nnen<mark style=\"background-color:rgba(0, 0, 0, 0)\" class=\"has-inline-color has-secondary-color\">.<\/mark><\/p>\n\n\n\n<p>\u3164<\/p>\n\n\n\n<hr class=\"wp-block-separator has-alpha-channel-opacity\"\/>\n\n\n\n<p>\u3164<\/p>\n\n\n\n<div data-wp-interactive=\"core\/file\" class=\"wp-block-file\"><object data-wp-bind--hidden=\"!state.hasPdfPreview\" hidden class=\"wp-block-file__embed\" data=\"https:\/\/jakobluger.bplaced.net\/portfolio\/wp-content\/uploads\/2025\/12\/proVitalis_WOS_Beitrag.pdf\" type=\"application\/pdf\" style=\"width:100%;height:1190px\" aria-label=\"Einbettung von proVitalis_WOS_Beitrag.\"><\/object><a id=\"wp-block-file--media-2da7e01a-f111-4880-8acf-b5d8802f0857\" href=\"https:\/\/jakobluger.bplaced.net\/portfolio\/wp-content\/uploads\/2025\/12\/proVitalis_WOS_Beitrag.pdf\">proVitalis_WOS_Beitrag<\/a><\/div>\n\n\n\n<p><\/p>\n","protected":false},"excerpt":{"rendered":"<p>Organisationskultur und -klima von &#8222;proVitalis GmbH&#8220; \u3164 Im der 5. Klasse entwickelten mein Mitsch\u00fcler Lukas Stockinger und ich ein umfassendes Organisationskonzept f\u00fcr die fiktive proVitalis GmbH, ein junges Unternehmen im Bereich hochwertiger Nahrungserg\u00e4nzungsmittel. Aufbauend auf den Inhalten der Organisationspsychologie erarbeiteten wir die grundlegende Unternehmensstruktur, definierten Organisationskultur und -klima und gestalteten ein passendes F\u00fchrungskonzept. Unser Projekt [&hellip;]<\/p>\n","protected":false},"author":1,"featured_media":0,"parent":100,"menu_order":0,"comment_status":"closed","ping_status":"closed","template":"","meta":{"footnotes":""},"class_list":["post-353","page","type-page","status-publish","hentry"],"_links":{"self":[{"href":"https:\/\/jakobluger.bplaced.net\/portfolio\/index.php?rest_route=\/wp\/v2\/pages\/353","targetHints":{"allow":["GET"]}}],"collection":[{"href":"https:\/\/jakobluger.bplaced.net\/portfolio\/index.php?rest_route=\/wp\/v2\/pages"}],"about":[{"href":"https:\/\/jakobluger.bplaced.net\/portfolio\/index.php?rest_route=\/wp\/v2\/types\/page"}],"author":[{"embeddable":true,"href":"https:\/\/jakobluger.bplaced.net\/portfolio\/index.php?rest_route=\/wp\/v2\/users\/1"}],"replies":[{"embeddable":true,"href":"https:\/\/jakobluger.bplaced.net\/portfolio\/index.php?rest_route=%2Fwp%2Fv2%2Fcomments&post=353"}],"version-history":[{"count":6,"href":"https:\/\/jakobluger.bplaced.net\/portfolio\/index.php?rest_route=\/wp\/v2\/pages\/353\/revisions"}],"predecessor-version":[{"id":650,"href":"https:\/\/jakobluger.bplaced.net\/portfolio\/index.php?rest_route=\/wp\/v2\/pages\/353\/revisions\/650"}],"up":[{"embeddable":true,"href":"https:\/\/jakobluger.bplaced.net\/portfolio\/index.php?rest_route=\/wp\/v2\/pages\/100"}],"wp:attachment":[{"href":"https:\/\/jakobluger.bplaced.net\/portfolio\/index.php?rest_route=%2Fwp%2Fv2%2Fmedia&parent=353"}],"curies":[{"name":"wp","href":"https:\/\/api.w.org\/{rel}","templated":true}]}}